{"id":707,"date":"2022-09-25T18:40:22","date_gmt":"2022-09-25T15:40:22","guid":{"rendered":"https:\/\/baspik.com\/?page_id=707"},"modified":"2024-10-01T03:38:48","modified_gmt":"2024-10-01T00:38:48","slug":"rectangular-mcps","status":"publish","type":"page","link":"https:\/\/baspik.com\/en\/products\/microchannel-plates\/rectangular-mcps\/","title":{"rendered":"Rectangular MCPs"},"content":{"rendered":"\n<div class=\"wp-block-columns are-vertically-aligned-center is-layout-flex wp-container-core-columns-is-layout-28f84493 wp-block-columns-is-layout-flex\">\n<div class=\"wp-block-column is-vertically-aligned-center is-layout-flow wp-block-column-is-layout-flow\">\n<p class=\"is-style-emphasis has-primary-color has-text-color has-medium-font-size\">Functional purpose: amplification of weak signals.<\/p>\n\n\n\n<p>MCPs are used to amplify weak signals and determine position parameters of particles in a variety of image detectors, as part of photoelectronic and X-ray vacuum devices, field-ion microscopes.<\/p>\n<\/div>\n\n\n\n<div class=\"wp-block-column is-vertically-aligned-center is-layout-flow wp-block-column-is-layout-flow\">\n<figure class=\"wp-block-image aligncenter size-full\"><img decoding=\"async\" src=\"https:\/\/baspik.com\/wp-content\/uploads\/2023\/04\/rect_mcp.webp\" alt=\"\" class=\"wp-image-2650\"\/><\/figure>\n<\/div>\n<\/div>\n\n\n\n<h3 class=\"wp-block-heading\">Specification<\/h3>\n\n\n\n<h4 class=\"wp-block-heading\">Schematic diagram<\/h4>\n\n\n\n<figure class=\"wp-block-image size-full is-resized\"><img loading=\"lazy\" decoding=\"async\" src=\"https:\/\/baspik.com\/en\/wp-content\/uploads\/sites\/5\/2023\/04\/rectangular-mcp.webp\" alt=\"\" class=\"wp-image-2655\" width=\"629\" height=\"352\" srcset=\"https:\/\/baspik.com\/en\/wp-content\/uploads\/sites\/5\/2023\/04\/rectangular-mcp.webp 704w, https:\/\/baspik.com\/en\/wp-content\/uploads\/sites\/5\/2023\/04\/rectangular-mcp-300x168.webp 300w\" sizes=\"auto, (max-width: 629px) 100vw, 629px\" \/><\/figure>\n\n\n\n<h5 class=\"wp-block-heading\">Rectangular microchannel plate<\/h5>\n\n\n<figure class=\"wp-block-table\">\n<table>\n<thead>\n<tr>\n<th rowspan=\"3\">Parameter, unit<\/th>\n<th colspan=\"3\">Microchannel plate type<\/th>\n<\/tr>\n<tr>\n<th>MCP 36\u00d736<\/th>\n<th>MCP 20\u00d790<\/th>\n<th>MCP 100\u00d7100-15<\/th>\n<\/tr>\n<tr>\n<th colspan=\"3\">Nominal value<\/th>\n<\/tr>\n<\/thead>\n<tbody>\n<tr>\n<td colspan=\"4\">\n<h6>Geometrics<\/h6>\n<\/td>\n<\/tr>\n<tr>\n<td>Outside dimensions \u0410\u00d7\u04101,mm<\/td>\n<td>36\u00d736<\/td>\n<td>90\u00d720<\/td>\n<td>100\u00d7100<\/td>\n<\/tr>\n<tr>\n<td>Active area dimensions \u0412\u00d7\u04121, mm<\/td>\n<td>34\u00d734<\/td>\n<td>86\u00d726<\/td>\n<td>96\u00d796<\/td>\n<\/tr>\n<tr>\n<td>Thickness L, mm<\/td>\n<td>0.70\u00b10.1<\/td>\n<td>0.9<\/td>\n<td>1.0\u20131.2<\/td>\n<\/tr>\n<tr>\n<td>Channel bias angle \u03b8, degrees<\/td>\n<td>9\u00b0\u00b11<\/td>\n<td>7\u00b0<\/td>\n<td>8\u00b0\u00b12<\/td>\n<\/tr>\n<tr>\n<td colspan=\"4\">\n<h6>Structural parameters<\/h6>\n<\/td>\n<\/tr>\n<tr>\n<td>Channel diameter, \u03bcm<\/td>\n<td>12<\/td>\n<td colspan=\"2\">15\u00b10.5<\/td>\n<\/tr>\n<tr>\n<td>Channel pitch, \u03bcm,<\/td>\n<td>19 max<\/td>\n<td colspan=\"2\">19 max<\/td>\n<\/tr>\n<tr>\n<td>Contact electrode material<\/td>\n<td colspan=\"3\">Chromium<\/td>\n<\/tr>\n<tr>\n<td colspan=\"4\">\n<h6>Electrical ratings<\/h6>\n<\/td>\n<\/tr>\n<tr>\n<td>Rated voltage at gain of 10<sup>4<\/sup>, V<\/td>\n<td>1100 max<\/td>\n<td>&#8211;<\/td>\n<td>1200 max<\/td>\n<\/tr>\n<tr>\n<td>MCP resistance, \u00d710<sup>8<\/sup> Ohm<\/td>\n<td>0.5\u20135<\/td>\n<td>0.5\u20132.5<\/td>\n<td>0.2\u201310<\/td>\n<\/tr>\n<\/tbody>\n<\/table>\n<\/figure>","protected":false},"excerpt":{"rendered":"<p>Functional purpose: amplification of weak signals. MCPs are used to amplify weak signals and determine position parameters of particles in a variety of image detectors, as part of photoelectronic and X-ray vacuum devices, field-ion microscopes. Specification Schematic diagram Rectangular microchannel plate Parameter, unit Microchannel plate type MCP 36\u00d736 MCP 20\u00d790 MCP 100\u00d7100-15 Nominal value Geometrics [&hellip;]<\/p>\n","protected":false},"author":1,"featured_media":0,"parent":636,"menu_order":2,"comment_status":"closed","ping_status":"closed","template":"","meta":{"inline_featured_image":false,"footnotes":""},"tags":[10,31],"class_list":["post-707","page","type-page","status-publish","hentry","tag-microchannel-plates","tag-rectangular-mcps"],"_links":{"self":[{"href":"https:\/\/baspik.com\/en\/wp-json\/wp\/v2\/pages\/707","targetHints":{"allow":["GET"]}}],"collection":[{"href":"https:\/\/baspik.com\/en\/wp-json\/wp\/v2\/pages"}],"about":[{"href":"https:\/\/baspik.com\/en\/wp-json\/wp\/v2\/types\/page"}],"author":[{"embeddable":true,"href":"https:\/\/baspik.com\/en\/wp-json\/wp\/v2\/users\/1"}],"replies":[{"embeddable":true,"href":"https:\/\/baspik.com\/en\/wp-json\/wp\/v2\/comments?post=707"}],"version-history":[{"count":1,"href":"https:\/\/baspik.com\/en\/wp-json\/wp\/v2\/pages\/707\/revisions"}],"predecessor-version":[{"id":3102,"href":"https:\/\/baspik.com\/en\/wp-json\/wp\/v2\/pages\/707\/revisions\/3102"}],"up":[{"embeddable":true,"href":"https:\/\/baspik.com\/en\/wp-json\/wp\/v2\/pages\/636"}],"wp:attachment":[{"href":"https:\/\/baspik.com\/en\/wp-json\/wp\/v2\/media?parent=707"}],"wp:term":[{"taxonomy":"post_tag","embeddable":true,"href":"https:\/\/baspik.com\/en\/wp-json\/wp\/v2\/tags?post=707"}],"curies":[{"name":"wp","href":"https:\/\/api.w.org\/{rel}","templated":true}]}}