{"id":1470,"date":"2022-12-17T20:10:18","date_gmt":"2022-12-17T17:10:18","guid":{"rendered":"https:\/\/baspik.com\/?page_id=1470"},"modified":"2025-06-11T22:06:49","modified_gmt":"2025-06-11T19:06:49","slug":"open-detectors","status":"publish","type":"page","link":"https:\/\/baspik.com\/en\/products\/detectors\/open-detectors\/","title":{"rendered":"Open Detectors"},"content":{"rendered":"\n<p class=\"is-style-emphasis\">Open MCP detectors are microchannel plate based devices for the detection of weak fluxes of charged particles and electromagnetic radiation, which have no input window and are designed to work in vacuum as part of analytical, measuring and scientific equipment. The MCP detectors can have a flange design, i.e. they can be mounted on a standard vacuum flange of a suitable size, being part of the vacuum system and equipped with a sight window in some cases.<\/p>\n\n\n\n<figure class=\"wp-block-image size-full\"><img decoding=\"async\" src=\"https:\/\/baspik.com\/wp-content\/uploads\/2025\/06\/open-detector1.webp\" alt=\"\" class=\"wp-image-3678\"\/><\/figure>\n\n\n\n<h3 class=\"wp-block-heading\">Available device versions<\/h3>\n\n\n\n<ul class=\"wp-block-list\">\n<li>round: with 18, 25, 50, 56 mm active area<\/li>\n\n\n\n<li>rectangular: 30\u00d730, 54\u00d754, 43\u00d763, 20\u00d790, 70\u00d790, 100\u00d7100 mm<\/li>\n\n\n\n<li>single MCP, MCP chevron stack and MCP Z-stack<\/li>\n\n\n\n<li>with metal anode, without anode, with phosphor screen<\/li>\n\n\n\n<li>with a mesh in front of the MCP<\/li>\n\n\n\n<li>assembled on a vacuum flange<\/li>\n<\/ul>\n\n\n\n<h3 class=\"wp-block-heading\">Basic parameters<\/h3>\n\n\n\n<figure class=\"wp-block-table\"><table class=\"has-fixed-layout\"><thead><tr><th>Assembly type<\/th><th>Gain<\/th><th>Single electron pulse height resolution, %<\/th><th>Dark count rate density, <br>s<sup>-1<\/sup>\u00d7cm<sup>-2<\/sup> (max)<\/th><th>Supply voltage, V<\/th><\/tr><\/thead><tbody><tr><td><\/td><td><\/td><td><\/td><td><\/td><td><\/td><\/tr><tr><td>Chevron stack (2 MCPs)<\/td><td>1\u00d710<sup>7<\/sup><\/td><td>90 -140<\/td><td>3<\/td><td>~ 2500<\/td><\/tr><tr><td>Single MCP<\/td><td>1\u00d710<sup>4<\/sup><\/td><td>&#8211;<\/td><td>3<\/td><td>~ 1500<\/td><\/tr><tr><td>3 MCPs (Z-stack)<\/td><td>1\u00d710<sup>8<\/sup> and more<\/td><td>30-70<\/td><td>3<\/td><td>~ 3500<\/td><\/tr><\/tbody><\/table><\/figure>\n\n\n\n<h3 class=\"wp-block-heading\">MCP Detectors<\/h3>\n\n\n\n<figure class=\"wp-block-table\"><table class=\"has-fixed-layout\"><thead><tr><th>Assembly type<\/th><th rowspan=\"2\">Unit<\/th><th colspan=\"3\">with 1 MCP<\/th><th colspan=\"3\">Chevron stack (with 2 MCPs))<\/th><th colspan=\"3\">Z-stack (with 3 MCPs)<\/th><\/tr><tr><th>Parameter<\/th><th>DS2510<\/th><th>DS5010<\/th><th>DS5615<\/th><th>DV2510<br>DV256<br>DV258<\/th><th>DV5010<\/th><th>DV5615<\/th><th>DZ2510<br>DZ256<br>DZ258<\/th><th>DZ5010<\/th><th>DZ5615<\/th><\/tr><\/thead><tbody><tr><td>Active area<\/td><td>mm<\/td><td>25<\/td><td>44<\/td><td>50<\/td><td>25<\/td><td>44<\/td><td>50<\/td><td>25<\/td><td>44<\/td><td>50<\/td><\/tr><tr><td>Operating voltage<\/td><td>V<\/td><td colspan=\"3\">max. 1000<\/td><td colspan=\"3\">max. 2800<\/td><td colspan=\"3\">max. 3500<\/td><\/tr><tr><td>Single electron pulse height resolution<\/td><td>%<\/td><td colspan=\"3\">exponent<\/td><td>max. 70<\/td><td>max. 80<\/td><td>max. 100<\/td><td colspan=\"3\">max. 30<\/td><\/tr><tr><td>Dark count rate density<\/td><td>count\/sec\u00d7cm<sup>2<\/sup><\/td><td colspan=\"9\">3 max<\/td><\/tr><tr><td>Gain<\/td><td>&nbsp;<\/td><td colspan=\"3\">1\u00d710<sup>4<\/sup> min<\/td><td colspan=\"3\">1\u00d710<sup>7<\/sup> min<\/td><td colspan=\"3\">1\u00d710<sup>8<\/sup> min<\/td><\/tr><tr><td>Versions<\/td><td>&nbsp;<\/td><td colspan=\"6\">with metal anode<br>and phosphor screen<\/td><td colspan=\"3\">with metal anode<\/td><\/tr><\/tbody><\/table><\/figure>\n\n\n\n<hr class=\"wp-block-separator has-text-color has-primary-color has-alpha-channel-opacity has-primary-background-color has-background is-style-wide\" style=\"margin-top:var(--wp--preset--spacing--40);margin-bottom:var(--wp--preset--spacing--40)\"\/>\n\n\n\n<h5 class=\"wp-block-heading\">Quick links:<\/h5>\n\n\n<ul class=\"wp-block-page-list\"><li class=\"wp-block-pages-list__item has-child\"><a class=\"wp-block-pages-list__item__link\" href=\"https:\/\/baspik.com\/en\/products\/detectors\/open-detectors\/time-of-flight-detectors\/\">Time-of-Flight Detectors<\/a><ul class=\"wp-block-navigation__submenu-container\"><li class=\"wp-block-pages-list__item \"><a class=\"wp-block-pages-list__item__link\" href=\"https:\/\/baspik.com\/en\/products\/detectors\/open-detectors\/time-of-flight-detectors\/open-dv2510a-detector\/\">Open DV2510A Detector<\/a><\/li><li class=\"wp-block-pages-list__item \"><a class=\"wp-block-pages-list__item__link\" href=\"https:\/\/baspik.com\/en\/products\/detectors\/open-detectors\/time-of-flight-detectors\/vacuum-flange-mcp-detector\/\">Vacuum Flange MCP Detector<\/a><\/li><\/ul><\/li><li class=\"wp-block-pages-list__item has-child\"><a class=\"wp-block-pages-list__item__link\" href=\"https:\/\/baspik.com\/en\/products\/detectors\/open-detectors\/detectors-with-optical-signal-readout\/\">Detectors with Optical Signal Readout<\/a><ul class=\"wp-block-navigation__submenu-container\"><li class=\"wp-block-pages-list__item \"><a class=\"wp-block-pages-list__item__link\" href=\"https:\/\/baspik.com\/en\/products\/detectors\/open-detectors\/detectors-with-optical-signal-readout\/open-dv2510p-detector-with-phosphor-screen\/\">Open DV2510P Detector with Phosphor Screen<\/a><\/li><li class=\"wp-block-pages-list__item \"><a class=\"wp-block-pages-list__item__link\" href=\"https:\/\/baspik.com\/en\/products\/detectors\/open-detectors\/detectors-with-optical-signal-readout\/open-dv5010p-detector-with-phosphor-screen\/\">Open DV5010P Detector with Phosphor Screen<\/a><\/li><li class=\"wp-block-pages-list__item \"><a class=\"wp-block-pages-list__item__link\" href=\"https:\/\/baspik.com\/en\/products\/detectors\/open-detectors\/detectors-with-optical-signal-readout\/open-dv5010a-detector\/\">Open DV5010A Detector<\/a><\/li><li class=\"wp-block-pages-list__item \"><a class=\"wp-block-pages-list__item__link\" href=\"https:\/\/baspik.com\/en\/products\/detectors\/open-detectors\/detectors-with-optical-signal-readout\/open-dv5615p-detector-with-phosphor-screen\/\">Open DV5615P Detector with Phosphor Screen<\/a><\/li><li class=\"wp-block-pages-list__item \"><a class=\"wp-block-pages-list__item__link\" href=\"https:\/\/baspik.com\/en\/products\/detectors\/open-detectors\/detectors-with-optical-signal-readout\/dv100x100p-detector-based-on-mcp-chevron-stack-and-phosphor-screen\/\">DV100X100P Detector Based on MCP Chevron Stack and Phosphor Screen<\/a><\/li><li class=\"wp-block-pages-list__item \"><a class=\"wp-block-pages-list__item__link\" href=\"https:\/\/baspik.com\/en\/products\/detectors\/open-detectors\/detectors-with-optical-signal-readout\/open-dv5615a-detector\/\">Open DV5615A Detector<\/a><\/li><\/ul><\/li><li class=\"wp-block-pages-list__item has-child\"><a class=\"wp-block-pages-list__item__link\" href=\"https:\/\/baspik.com\/en\/products\/detectors\/open-detectors\/detectors-for-quantitative-signal-measurement\/\">Detectors for Quantitative Dignal Measurement<\/a><ul class=\"wp-block-navigation__submenu-container\"><li class=\"wp-block-pages-list__item \"><a class=\"wp-block-pages-list__item__link\" href=\"https:\/\/baspik.com\/en\/products\/detectors\/open-detectors\/detectors-for-quantitative-signal-measurement\/sem-7b-secondary-electron-multiplier\/\">SEM-7B Secondary Electron Multiplier<\/a><\/li><\/ul><\/li><li class=\"wp-block-pages-list__item has-child\"><a class=\"wp-block-pages-list__item__link\" href=\"https:\/\/baspik.com\/en\/products\/detectors\/open-detectors\/position-sensitive-detectors\/\">Position-Sensitive Detectors<\/a><ul class=\"wp-block-navigation__submenu-container\"><li class=\"wp-block-pages-list__item \"><a class=\"wp-block-pages-list__item__link\" href=\"https:\/\/baspik.com\/en\/products\/detectors\/open-detectors\/position-sensitive-detectors\/position-sensitive-multianode-detector-with-20x90-mcp\/\">Position-Sensitive Multianode Detector with 20\u00d790 MCP<\/a><\/li><\/ul><\/li><li class=\"wp-block-pages-list__item has-child\"><a class=\"wp-block-pages-list__item__link\" href=\"https:\/\/baspik.com\/en\/products\/detectors\/open-detectors\/time-of-flight-detectors-tof-for-mass-spectrometry\/\">Time-of-flight detectors (TOF) for mass spectrometry<\/a><ul class=\"wp-block-navigation__submenu-container\"><li class=\"wp-block-pages-list__item \"><a class=\"wp-block-pages-list__item__link\" href=\"https:\/\/baspik.com\/en\/products\/detectors\/open-detectors\/time-of-flight-detectors-tof-for-mass-spectrometry\/sem-7bk-1-time-of-flight-tof-detector\/\">SEM-7B\u041a-1 Time-of-Flight (TOF) Detector<\/a><\/li><li class=\"wp-block-pages-list__item \"><a class=\"wp-block-pages-list__item__link\" href=\"https:\/\/baspik.com\/en\/products\/detectors\/open-detectors\/time-of-flight-detectors-tof-for-mass-spectrometry\/tof-detector-with-a-built-in-voltage-divider\/\">TOF detector with a built-in voltage divider<\/a><\/li><\/ul><\/li><\/ul>","protected":false},"excerpt":{"rendered":"<p>Open MCP detectors are microchannel plate based devices for the detection of weak fluxes of charged particles and electromagnetic radiation, which have no input window and are designed to work in vacuum as part of analytical, measuring and scientific equipment. The MCP detectors can have a flange design, i.e. they can be mounted on a [&hellip;]<\/p>\n","protected":false},"author":1,"featured_media":0,"parent":638,"menu_order":2,"comment_status":"closed","ping_status":"closed","template":"","meta":{"inline_featured_image":false,"footnotes":""},"tags":[6,44],"class_list":["post-1470","page","type-page","status-publish","hentry","tag-detectors","tag-open-detectors"],"_links":{"self":[{"href":"https:\/\/baspik.com\/en\/wp-json\/wp\/v2\/pages\/1470","targetHints":{"allow":["GET"]}}],"collection":[{"href":"https:\/\/baspik.com\/en\/wp-json\/wp\/v2\/pages"}],"about":[{"href":"https:\/\/baspik.com\/en\/wp-json\/wp\/v2\/types\/page"}],"author":[{"embeddable":true,"href":"https:\/\/baspik.com\/en\/wp-json\/wp\/v2\/users\/1"}],"replies":[{"embeddable":true,"href":"https:\/\/baspik.com\/en\/wp-json\/wp\/v2\/comments?post=1470"}],"version-history":[{"count":4,"href":"https:\/\/baspik.com\/en\/wp-json\/wp\/v2\/pages\/1470\/revisions"}],"predecessor-version":[{"id":3198,"href":"https:\/\/baspik.com\/en\/wp-json\/wp\/v2\/pages\/1470\/revisions\/3198"}],"up":[{"embeddable":true,"href":"https:\/\/baspik.com\/en\/wp-json\/wp\/v2\/pages\/638"}],"wp:attachment":[{"href":"https:\/\/baspik.com\/en\/wp-json\/wp\/v2\/media?parent=1470"}],"wp:term":[{"taxonomy":"post_tag","embeddable":true,"href":"https:\/\/baspik.com\/en\/wp-json\/wp\/v2\/tags?post=1470"}],"curies":[{"name":"wp","href":"https:\/\/api.w.org\/{rel}","templated":true}]}}